{"id":24,"date":"2017-10-19T13:26:31","date_gmt":"2017-10-19T13:26:31","guid":{"rendered":"http:\/\/www.autossermec.pt\/oficina\/?page_id=24"},"modified":"2017-12-05T14:39:38","modified_gmt":"2017-12-05T14:39:38","slug":"agendamentos","status":"publish","type":"page","link":"https:\/\/www.autossermec.pt\/oficina\/agendamentos\/","title":{"rendered":"Marca\u00e7\u00f5es"},"content":{"rendered":"\r\n<div class=\"bup-front-cont\">\r\n\r\n  <div class=\"bup-filter-header\" id=\"up-filter-header\">\r\n  \r\n  \r\n       \r\n         <div class=\"bup-book-steps-cont\" id=\"bup-book-steps-cont\">\r\n    \r\n    \t\r\n        <div class=\"bup-book-step1 bup-steps\">\r\n        \t\t\r\n                <div class=\"bup-cart-step-line-inactive\"><\/div>\r\n        \r\n        \t\t<div class=\"bup-cart-step-active bup-move-steps\" id=\"bup-step-rounded-1\">1<\/div>\r\n                <div class=\"bup-cart-step-text-active\">Servi\u00e7o<\/div>\r\n        \r\n        <\/div>\r\n        \r\n        <div class=\"bup-book-step2 bup-steps\">\r\n        \r\n        \r\n            \t<div class=\"bup-cart-step-line-inactive\"><\/div>\r\n        \r\n        \t\t<div class=\"bup-cart-step-inactive bup-move-steps\" id=\"bup-step-rounded-2\">2<\/div>\r\n                  <div class=\"bup-cart-step-text-inactive\">Hor\u00e1rio<\/div>\r\n        \r\n        <\/div>\r\n        \r\n        <div class=\"bup-book-step3 bup-steps\">\r\n        \r\n        \t    <div class=\"bup-cart-step-line-inactive\"><\/div>\r\n        \r\n        \t\t<div class=\"bup-cart-step-inactive bup-move-steps\" id=\"bup-step-rounded-3\">3<\/div>\r\n                  <div class=\"bup-cart-step-text-inactive\">Detalhes & Pagamento<\/div>\r\n        \r\n        <\/div>\r\n        \r\n        <div class=\"bup-book-step4 bup-steps\">\r\n        \r\n        \r\n        \t\t <div class=\"bup-cart-step-line-inactive\"><\/div>\r\n        \r\n        \t\t<div class=\"bup-cart-step-inactive bup-move-steps\" id=\"bup-step-rounded-4\">4<\/div>\r\n                <div class=\"bup-cart-step-text-inactive\">Obrigado<\/div>  \r\n        \r\n        \r\n        <\/div>\r\n    \r\n       \r\n    \r\n    <\/div>\r\n     \r\n     \r\n            \r\n      \r\n    \r\n    \r\n    \t<div class=\"bup-book-info-cont\" id=\"bup-book-info-cont-div\">\r\n        \r\n        \r\n           <div class=\"bup-book-info-text\" >\r\n           \r\n           \r\n           <\/div>\r\n           \r\n                       \r\n           \r\n                      \r\n           \r\n          \t            \r\n                   <div class=\"bup-book-info-block1 \" >\r\n                   \r\n                   \r\n                       <label>Selecione um servi\u00e7o<\/label>\r\n                   \r\n                      <select name=\"bup-category\" id=\"bup-category\"><option value=\"\" selected=\"selected\">Por favor, selecione um servi\u00e7o<\/option><optgroup label=\"Servi\u00e7os\" ><option value=\"7\"  >Alinhar Direc\u00e7\u00e3o<\/option><option value=\"9\"  >Calibrar Pneus<\/option><option value=\"6\"  >Chapeiro<\/option><option value=\"4\"  >Diagn\u00f3stico<\/option><option value=\"11\"  >Ilumina\u00e7\u00e3o Auto<\/option><option value=\"3\"  >Inspec\u00e7\u00e3o<\/option><option value=\"14\"  >Lavagem<\/option><option value=\"10\"  >Mudan\u00e7a de \u00d3leo<\/option><option value=\"8\"  >Mudar Pneus<\/option><option value=\"15\"  >Outros Servi\u00e7os<\/option><option value=\"5\"  >Pintura<\/option><option value=\"2\"  >Revis\u00e3o<\/option><option value=\"13\"  >Suspens\u00e3o<\/option><option value=\"12\"  >Travagem<\/option><\/optgroup><\/select>                   \r\n                   \r\n                   <\/div>    \r\n               \r\n              \r\n                             \r\n                              \r\n                      \r\n           <div class=\"bup-book-info-block1 \" >\r\n            \r\n             <label>No dia, ou ap\u00f3s<\/label>\r\n              <input type=\"text\" class=\"bupro-datepicker\" id=\"bup-start-date\"  value=\"13\/05\/2026\"\/>       \r\n              \r\n                       \r\n           <\/div>\r\n           \r\n                      \r\n                    \t\r\n    \r\n        <\/div>\r\n        \r\n        \r\n        \r\n         <\/div>\r\n         \r\n          <div class=\"bup-nav-search-options-bar\" id=\"bup-steps-nav-buttons\" > \r\n          \r\n                   \r\n            <span class=\"bupbtnfind\"><button id=\"bup-btn-next-step1\" class=\"bup-button-submit\">Verificar Disponibilidade<\/button><\/span>\r\n         \r\n         <\/div>       \r\n        \r\n        \r\n        \r\n         <div class=\"bup-book-info-text\" id=\"bup-steps-cont-res\" >  \r\n         \r\n          <p >Por favor, selecione um servi\u00e7o, uma data e a oficina em que deseja a presta\u00e7\u00e3o do servi\u00e7o, e clique no bot\u00e3o Verificar Disponibilidade.<\/p>       \r\n           \r\n         <\/div>\r\n    \r\n    \r\n\r\n<\/div>\r\n\r\n \r\n \r\n  \r\n<input type=\"hidden\"  id=\"bup-custom-form-id\" name=\"bup-custom-form-id\" value=\"\" \/>\r\n\r\n\r\n<input type=\"hidden\"  id=\"redirect_url\" name=\"redirect_url\" value=\"\" \/>\r\n<input type=\"hidden\"  id=\"field_legends\" name=\"field_legends\" value=\"no\" \/>\r\n<input type=\"hidden\"  id=\"placeholders\" name=\"placeholders\" value=\"yes\" \/>\r\n<input type=\"hidden\"  id=\"template_id\" name=\"template_id\" value=\"9\" \/>\r\n<input type=\"hidden\"  id=\"bup_booking_form_type\" name=\"bup_booking_form_type\" value=\"\" \/>\r\n<input type=\"hidden\"  id=\"bup_cart_id\" name=\"bup_cart_id\" value=\"\" \/>\r\n\r\n<input type=\"hidden\"  id=\"bup_user_timezone\" name=\"bup_user_timezone\" value=\"\" \/>\r\n\r\n\r\n<script type=\"text\/javascript\">\r\n\r\n\t\r\n\t\t\t\t\t\t \r\n \t\t\t  \r\n\t\r\n\r\n\r\n   \t  \r\n\t\t\r\n\t<\/script>\r\n \n","protected":false},"excerpt":{"rendered":"","protected":false},"author":1,"featured_media":127,"parent":0,"menu_order":0,"comment_status":"closed","ping_status":"closed","template":"","meta":[],"_links":{"self":[{"href":"https:\/\/www.autossermec.pt\/oficina\/wp-json\/wp\/v2\/pages\/24"}],"collection":[{"href":"https:\/\/www.autossermec.pt\/oficina\/wp-json\/wp\/v2\/pages"}],"about":[{"href":"https:\/\/www.autossermec.pt\/oficina\/wp-json\/wp\/v2\/types\/page"}],"author":[{"embeddable":true,"href":"https:\/\/www.autossermec.pt\/oficina\/wp-json\/wp\/v2\/users\/1"}],"replies":[{"embeddable":true,"href":"https:\/\/www.autossermec.pt\/oficina\/wp-json\/wp\/v2\/comments?post=24"}],"version-history":[{"count":21,"href":"https:\/\/www.autossermec.pt\/oficina\/wp-json\/wp\/v2\/pages\/24\/revisions"}],"predecessor-version":[{"id":74,"href":"https:\/\/www.autossermec.pt\/oficina\/wp-json\/wp\/v2\/pages\/24\/revisions\/74"}],"wp:featuredmedia":[{"embeddable":true,"href":"https:\/\/www.autossermec.pt\/oficina\/wp-json\/wp\/v2\/media\/127"}],"wp:attachment":[{"href":"https:\/\/www.autossermec.pt\/oficina\/wp-json\/wp\/v2\/media?parent=24"}],"curies":[{"name":"wp","href":"https:\/\/api.w.org\/{rel}","templated":true}]}}