{"id":26,"date":"2017-10-19T13:26:58","date_gmt":"2017-10-19T13:26:58","guid":{"rendered":"http:\/\/www.autossermec.pt\/oficina\/?page_id=26"},"modified":"2017-12-05T14:40:04","modified_gmt":"2017-12-05T14:40:04","slug":"orcamentos","status":"publish","type":"page","link":"https:\/\/www.autossermec.pt\/oficina\/orcamentos\/","title":{"rendered":"Or\u00e7amentos"},"content":{"rendered":"<div class=\"fm-form-container fm-theme1\"><div id=\"fm-pages7\" class=\"fm-pages wdform_page_navigation fm-align-right\" show_title=\"true\" show_numbers=\"false\" type=\"steps\"><\/div><form name=\"form7\" action=\"\/oficina\/wp-json\/wp\/v2\/pages\/26\" method=\"post\" id=\"form7\" class=\"fm-form form7 \" enctype=\"multipart\/form-data\"><input type=\"hidden\" id=\"counter7\" value=\"13\" name=\"counter7\" \/><input type=\"hidden\" id=\"Itemid7\" value=\"\" name=\"Itemid7\" \/><div class=\"fm-header-bg\"><div class=\"fm-header \"><div class=\"fm-header-text\">            <div class=\"fm-header-title\">                          <\/div>            <div class=\"fm-header-description\">              Preencha os dados indicados abaixo sobre o servi\u00e7o que pretende or\u00e7amentado.Responderemos o mais brevemente poss\u00edvel!            <\/div>          <\/div><\/div><\/div><div class=\"wdform-page-and-images\" style=\"display: table; border-width: 1px; border-top-style: solid; border-top-color: black;\"><div id=\"7form_view2\" page_title=\"Dados Pessoais\" class=\"wdform_page\" next_title=\"Pr\u00f3ximo\" next_type=\"text\" next_class=\"wdform-page-button\" next_checkable=\"true\" previous_title=\"Anterior\" previous_type=\"text\" previous_class=\"wdform-page-button\" previous_checkable=\"false\" style=\"display: block;\"><div class=\"wdform_section\"><div class=\"wdform_column\"><div wdid=\"2\" class=\"wdform_row\" style=\"position: relative; left: 0px; top: 0px;\"><div type=\"type_text\" class=\"wdform-field wd-width-100 wd-flex wd-flex-row\"><div class=\"wdform-label-section wd-width-30  wd-flex-row wd-align-items-center wd-hidden\">    <label for=\"wdform_2_element7\" class=\"wdform-label\">Nome<\/label><span class=\"wdform-required\">* Obrigat\u00f3rio<\/span><\/div><div class=\"wdform-element-section wd-flex  wd-flex-row wd-align-items-center wd-width-100\" style=\"max-width: 500px;\"><input type=\"text\"                           class=\"wd-width-100\"                           id=\"wdform_2_element7\"                           name=\"wdform_2_element7\"                           value=\"\"                           title=\"Nome *\"                           placeholder=\"Nome *\"                                                       \/><\/div><\/div><\/div><div wdid=\"5\" class=\"wdform_row\" style=\"position: relative; left: 0px; top: 0px;\"><div type=\"type_text\" class=\"wdform-field wd-width-100 wd-flex wd-flex-row\"><div class=\"wdform-label-section wd-width-30  wd-flex-row wd-align-items-center wd-hidden\">    <label for=\"wdform_5_element7\" class=\"wdform-label\">E-mail<\/label><span class=\"wdform-required\">* Obrigat\u00f3rio<\/span><\/div><div class=\"wdform-element-section wd-flex  wd-flex-row wd-align-items-center wd-width-100\" style=\"max-width: 300px;\"><input type=\"text\"                           class=\"wd-width-100\"                           id=\"wdform_5_element7\"                           name=\"wdform_5_element7\"                           value=\"\"                           title=\"E-mail *\"                           placeholder=\"E-mail *\"                                                       \/><\/div><\/div><\/div><div wdid=\"7\" class=\"wdform_row\" style=\"position: relative; left: 0px; top: 0px;\"><div type=\"type_text\" class=\"wdform-field wd-width-100 wd-flex wd-flex-row\"><div class=\"wdform-label-section wd-width-30  wd-flex-row wd-align-items-center wd-hidden\">    <label for=\"wdform_7_element7\" class=\"wdform-label\">Telefone<\/label><span class=\"wdform-required\">* Obrigat\u00f3rio<\/span><\/div><div class=\"wdform-element-section wd-flex  wd-flex-row wd-align-items-center wd-width-100\" style=\"max-width: 200px;\"><input type=\"text\"                           class=\"wd-width-100\"                           id=\"wdform_7_element7\"                           name=\"wdform_7_element7\"                           value=\"\"                           title=\"Telefone *\"                           placeholder=\"Telefone *\"                                                       \/><\/div><\/div><\/div><\/div><\/div><div valign=\"top\" class=\"wdform_footer\" style=\"width: 100%;\"><div style=\"width: 100%;\"><div style=\"width: 100%; display: table;\"><div style=\"display: table-row-group;\"><div id=\"7page_nav2\" style=\"display: table-row;\"><div valign=\"middle\" align=\"left\" style=\"display: table-cell; width: 40%;\"><\/div><div id=\"page_numbers72\" valign=\"middle\" align=\"center\" style=\"display: table-cell;\"><\/div><div valign=\"middle\" align=\"right\" style=\"display: table-cell; width: 40%;\"><span id=\"page_next_2\" class=\"wdform-page-button\" style=\"cursor: pointer;\">Pr\u00f3ximo<\/span><\/div><\/div><\/div><\/div><\/div><\/div><\/div><\/div><div class=\"wdform-page-and-images\" style=\"display: table; border-width: 1px; border-top-style: solid; border-top-color: black;\"><div id=\"7form_view3\" page_title=\"Dados Ve\u00edculo\" class=\"wdform_page\" next_title=\"Pr\u00f3ximo\" next_type=\"text\" next_class=\"wdform-page-button\" next_checkable=\"true\" previous_title=\"Anterior\" previous_type=\"text\" previous_class=\"wdform-page-button\" previous_checkable=\"false\" style=\"display: block;\"><div class=\"wdform_section\"><div class=\"wdform_column\"><div wdid=\"3\" class=\"wdform_row\" style=\"position: relative; left: 0px; top: 0px;\"><div type=\"type_text\" class=\"wdform-field wd-width-100 wd-flex wd-flex-row\"><div class=\"wdform-label-section wd-width-30  wd-flex-row wd-align-items-center wd-hidden\">    <label for=\"wdform_3_element7\" class=\"wdform-label\">Marca e Modelo do ve\u00edculo<\/label><span class=\"wdform-required\">* Obrigat\u00f3rio<\/span><\/div><div class=\"wdform-element-section wd-flex  wd-flex-row wd-align-items-center wd-width-100\" style=\"max-width: 500px;\"><input type=\"text\"                           class=\"wd-width-100\"                           id=\"wdform_3_element7\"                           name=\"wdform_3_element7\"                           value=\"\"                           title=\"Marca e Modelo do ve\u00edculo *\"                           placeholder=\"Marca e Modelo do ve\u00edculo *\"                                                       \/><\/div><\/div><\/div><div wdid=\"8\" class=\"wdform_row\"><div type=\"type_text\" class=\"wdform-field wd-width-100 wd-flex wd-flex-row\"><div class=\"wdform-label-section wd-width-30  wd-flex-row wd-align-items-center wd-hidden\">    <label for=\"wdform_8_element7\" class=\"wdform-label\">Kms<\/label><span class=\"wdform-required\">* Obrigat\u00f3rio<\/span><\/div><div class=\"wdform-element-section wd-flex  wd-flex-row wd-align-items-center wd-width-100\" style=\"max-width: 300px;\"><input type=\"text\"                           class=\"wd-width-100\"                           id=\"wdform_8_element7\"                           name=\"wdform_8_element7\"                           value=\"\"                           title=\"Kms *\"                           placeholder=\"Kms *\"                                                       \/><\/div><\/div><\/div><div wdid=\"10\" class=\"wdform_row\"><div type=\"type_own_select\" class=\"wdform-field wd-width-100 wd-flex wd-flex-row\"><div class=\"wdform-label-section wd-width-30 wdform_select wd-flex-row wd-hidden\">    <label for=\"wdform_10_element7\" class=\"wdform-label\">Ano<\/label><span class=\"wdform-required\">* Obrigat\u00f3rio<\/span><\/div><div class=\"wdform-element-section wd-flex wdform_select wd-flex-row wd-width-100\" style=\"max-width: 200px;\"><select class=\"wd-width-100\" id=\"wdform_10_element7\" name=\"wdform_10_element7\" ><option value=\"\" selected=\"selected\">Ano do ve\u00edculo <\/option><option value=\"2017\" >2017<\/option><option value=\"2016\" >2016<\/option><option value=\"2015\" >2015<\/option><option value=\"2014\" >2014<\/option><option value=\"2013\" >2013<\/option><option value=\"2012\" >2012<\/option><option value=\"2011\" >2011<\/option><option value=\"2010\" >2010<\/option><option value=\"2009\" >2009<\/option><option value=\"2008\" >2008<\/option><option value=\"2007\" >2007<\/option><option value=\"2006\" >2006<\/option><option value=\"2005\" >2005<\/option><option value=\"2004\" >2004<\/option><option value=\"2003\" >2003<\/option><option value=\"2002\" >2002<\/option><option value=\"2001\" >2001<\/option><option value=\"2000\" >2000<\/option><option value=\"1999\" >1999<\/option><option value=\"1998\" >1998<\/option><option value=\"1997\" >1997<\/option><option value=\"1996\" >1996<\/option><option value=\"1995\" >1995<\/option><option value=\"1994\" >1994<\/option><option value=\"1993\" >1993<\/option><option value=\"1992\" >1992<\/option><option value=\"1991\" >1991<\/option><option value=\"1990\" >1990<\/option><option value=\"1989\" >1989<\/option><option value=\"1988\" >1988<\/option><option value=\"1987\" >1987<\/option><option value=\"1986\" >1986<\/option><option value=\"1985\" >1985<\/option><option value=\"1984\" >1984<\/option><option value=\"1983\" >1983<\/option><option value=\"1982\" >1982<\/option><option value=\"1981\" >1981<\/option><option value=\"1980\" >1980<\/option><option value=\"1979\" >1979<\/option><option value=\"1978\" >1978<\/option><option value=\"1977\" >1977<\/option><option value=\"1976\" >1976<\/option><option value=\"1975\" >1975<\/option><option value=\"1974\" >1974<\/option><option value=\"1973\" >1973<\/option><option value=\"1972\" >1972<\/option><option value=\"1971\" >1971<\/option><option value=\"1970\" >1970<\/option><\/select><\/div><\/div><\/div><\/div><\/div><div valign=\"top\" class=\"wdform_footer\" style=\"width: 100%;\"><div style=\"width: 100%;\"><div style=\"width: 100%; display: table;\"><div style=\"display: table-row-group;\"><div id=\"7page_nav3\" style=\"display: table-row;\"><div valign=\"middle\" align=\"left\" style=\"display: table-cell; width: 40%;\"><span id=\"page_previous_3\" class=\"wdform-page-button\" style=\"cursor: pointer;\">Anterior<\/span><\/div><div id=\"page_numbers73\" valign=\"middle\" align=\"center\" style=\"display: table-cell;\"><\/div><div valign=\"middle\" align=\"right\" style=\"display: table-cell; width: 40%;\"><span id=\"page_next_3\" class=\"wdform-page-button\" style=\"cursor: pointer;\">Pr\u00f3ximo<\/span><\/div><\/div><\/div><\/div><\/div><\/div><\/div><\/div><div class=\"wdform-page-and-images\" style=\"display: table; border-width: 1px; border-top-style: solid; border-top-color: black;\"><div id=\"7form_view4\" page_title=\"Final\" class=\"wdform_page\" next_title=\"\" next_type=\"text\" next_class=\"wdform-page-button\" next_checkable=\"true\" previous_title=\"Anterior\" previous_type=\"text\" previous_class=\"wdform-page-button\" previous_checkable=\"false\" style=\"display: block;\"><div class=\"wdform_section\"><div class=\"wdform_column\"><div wdid=\"11\" class=\"wdform_row\" style=\"position: relative; left: 0px; top: 0px;\"><div type=\"type_textarea\" class=\"wdform-field wd-width-100 wd-flex wd-flex-column\"><div class=\"wdform-label-section wd-width-100 \">    <label for=\"wdform_11_element7\" class=\"wdform-label\">Por favor especifique o servi\u00e7o que deseja ver or\u00e7amentado e \u00ednclua toda a infirma\u00e7\u00e3o relevante para o mesmo<\/label><span class=\"wdform-required\">* Obrigat\u00f3rio<\/span><\/div><div class=\"wdform-element-section wd-flex  wd-width-100\" ><textarea class=\"wd-width-100\"                      id=\"wdform_11_element7\"                      name=\"wdform_11_element7\"                      placeholder=\"\"                      style=\"height: 500px;\"                      ><\/textarea><\/div><\/div><\/div><div wdid=\"12\" class=\"wdform_row\"><div type=\"type_submit_reset\" class=\"wdform-field wd-width-100 wd-flex wd-flex-column\"><div class=\"wdform-element-section wd-flex  wd-flex-row wd-justify-content-center wd-width-100\" ><button type=\"button\" class=\"button-submit\" onclick=\"fm_submit_form('7');\" >Enviar<\/button><button type=\"button\" class=\"button-reset \" onclick=\"fm_reset_form(7);\" >Limpar<\/button><\/div><\/div><\/div><\/div><\/div><div valign=\"top\" class=\"wdform_footer\" style=\"width: 100%;\"><div style=\"width: 100%;\"><div style=\"width: 100%; display: table;\"><div style=\"display: table-row-group;\"><div id=\"7page_nav4\" style=\"display: table-row;\"><div valign=\"middle\" align=\"left\" style=\"display: table-cell; width: 40%;\"><span id=\"page_previous_4\" class=\"wdform-page-button\" style=\"cursor: pointer;\">Anterior<\/span><\/div><div id=\"page_numbers74\" valign=\"middle\" align=\"center\" style=\"display: table-cell;\"><\/div><div valign=\"middle\" align=\"right\" style=\"display: table-cell; width: 40%;\"><span id=\"page_next_4\" class=\"wdform-page-button\" style=\"cursor: pointer;\"><\/span><\/div><\/div><\/div><\/div><\/div><\/div><\/div><\/div><div class=\"wdform_preload\"><\/div><\/form><\/div>\n","protected":false},"excerpt":{"rendered":"","protected":false},"author":1,"featured_media":129,"parent":0,"menu_order":0,"comment_status":"closed","ping_status":"closed","template":"","meta":[],"_links":{"self":[{"href":"https:\/\/www.autossermec.pt\/oficina\/wp-json\/wp\/v2\/pages\/26"}],"collection":[{"href":"https:\/\/www.autossermec.pt\/oficina\/wp-json\/wp\/v2\/pages"}],"about":[{"href":"https:\/\/www.autossermec.pt\/oficina\/wp-json\/wp\/v2\/types\/page"}],"author":[{"embeddable":true,"href":"https:\/\/www.autossermec.pt\/oficina\/wp-json\/wp\/v2\/users\/1"}],"replies":[{"embeddable":true,"href":"https:\/\/www.autossermec.pt\/oficina\/wp-json\/wp\/v2\/comments?post=26"}],"version-history":[{"count":2,"href":"https:\/\/www.autossermec.pt\/oficina\/wp-json\/wp\/v2\/pages\/26\/revisions"}],"predecessor-version":[{"id":256,"href":"https:\/\/www.autossermec.pt\/oficina\/wp-json\/wp\/v2\/pages\/26\/revisions\/256"}],"wp:featuredmedia":[{"embeddable":true,"href":"https:\/\/www.autossermec.pt\/oficina\/wp-json\/wp\/v2\/media\/129"}],"wp:attachment":[{"href":"https:\/\/www.autossermec.pt\/oficina\/wp-json\/wp\/v2\/media?parent=26"}],"curies":[{"name":"wp","href":"https:\/\/api.w.org\/{rel}","templated":true}]}}