{"id":42,"date":"2017-10-12T11:09:43","date_gmt":"2017-10-12T11:09:43","guid":{"rendered":"http:\/\/www.autossermec.pt\/stand\/listings\/"},"modified":"2017-10-12T11:38:18","modified_gmt":"2017-10-12T11:38:18","slug":"listings","status":"publish","type":"page","link":"https:\/\/www.autossermec.pt\/stand\/","title":{"rendered":"Listings"},"content":{"rendered":"\n\t\t\t\n\t\t\t<ul class=\"auto-listings-items\">\n\n\t\t\t\t\n\t\t\t\t\t\n<li class=\"col-3 post-76 auto-listing type-auto-listing status-publish body-type-utilitarios-sedan auto-listing-76 has-thumbnail\">\n\n\t\n<div class=\"image\">\n\t<a href=\"https:\/\/www.autossermec.pt\/stand\/anuncio\/vw-transporter-caravelle\/\" title=\"VW Transporter Caravelle\">\n\t\t\n\t\t\t\t<span style=\"background:#dd3333;color:#ffffff\" class=\"status Oportunidade\">\n\t\t\t\t\t\t<i class=\"auto-icon-steering-wheel\"><\/i>\n\t\t\t\t\t\tOportunidade\t\t<\/span>\n\t\t\t\n\n\t\t\n\t\t<img alt=\"\" src=\"https:\/\/www.autossermec.pt\/stand\/wp-content\/uploads\/sites\/2\/Carros\/VWTransporterCaravelle\/VW-Transporter-caravelle-4-400x250.jpg\" \/>\n\n\t<\/a>\n<\/div>\n\t<div class=\"summary\">\n\n\t\n<h3 class=\"title\">\n\t<a href=\"https:\/\/www.autossermec.pt\/stand\/anuncio\/vw-transporter-caravelle\/\" title=\"VW Transporter Caravelle\">\n\t\tVW Transporter Caravelle\t<\/a>\n<\/h3>\n\n<div class=\"at-a-glance\">\n\n\t<ul>\n\t\t<li class=\"odomoter\"><i class=\"auto-icon-odometer\"><\/i> 130.000 km<\/li>\n\t\t\t<li class=\"transmission\"><i class=\"auto-icon-transmission\"><\/i> Manual<\/li>\n\t\t\t\t<li class=\"body\"><i class=\"auto-icon-trunk\"><\/i> <a href=\"https:\/\/www.autossermec.pt\/stand\/body-type\/utilitarios-sedan\/\" rel=\"tag\">Utilit\u00e1rios \/ Sedan<\/a><\/li>\n\t\t<\/ul>\n\n<\/div>\n<div class=\"address\"><i class=\"fa fa-map-marker\"><\/i> &nbsp; R. Fonte Fria 49, 4425-348 Maia, Portugal<\/div>\n<div class=\"price\"><span class=\"price-amount\"><span class=\"currency-symbol\">\u20ac<\/span>9.750<\/span> Negoci\u00e1vel, aceita retoma<\/div>\n<div class=\"description\">Fant\u00e1stico exemplar da transporter caravelle equipada com motor da marca PORSCHE e sistema de injec\u00e7\u00e3o electr\u00f3nica. Disp\u00f5e de 9 lugares, espa\u00e7o destinado a carga e...<\/div>\n<div class=\"bottom-wrap\">\n\t<a class=\"al-button\" href=\"https:\/\/www.autossermec.pt\/stand\/anuncio\/vw-transporter-caravelle\/\" title=\"Vista VW Transporter Caravelle\">Mais Detalhes &nbsp; <i class=\"fa fa-angle-right\"><\/i><\/a>\n\t\t\t<span class=\"condition\">Used Ve\u00edculo<\/span>\n\t<\/div>\n\t<\/div>\n\n\t\n<\/li>\n\t\t\t\t\n\t\t\t\t\t\n<li class=\"col-3 post-102 auto-listing type-auto-listing status-publish body-type-suv-monovolume auto-listing-102 has-thumbnail\">\n\n\t\n<div class=\"image\">\n\t<a href=\"https:\/\/www.autossermec.pt\/stand\/anuncio\/bmw-x6-3-5d-xdrive\/\" title=\"BMW X6 3.5D Xdrive\">\n\t\t\n\t\t\t\t<span style=\"background:#1e73be;color:#ffffff\" class=\"status Poucos Kms\">\n\t\t\t\t\t\t<i class=\"auto-icon-odometer\"><\/i>\n\t\t\t\t\t\tPoucos Kms\t\t<\/span>\n\t\t\t\n\n\t\t\n\t\t<img alt=\"\" src=\"https:\/\/www.autossermec.pt\/stand\/wp-content\/uploads\/sites\/2\/Carros\/BMWX635DxDrive\/22050227_1081985535271050_6325620491840331562_n-400x250.jpg\" \/>\n\n\t<\/a>\n<\/div>\n\t<div class=\"summary\">\n\n\t\n<h3 class=\"title\">\n\t<a href=\"https:\/\/www.autossermec.pt\/stand\/anuncio\/bmw-x6-3-5d-xdrive\/\" title=\"BMW X6 3.5D Xdrive\">\n\t\tBMW X6 3.5D Xdrive\t<\/a>\n<\/h3>\n\n<div class=\"at-a-glance\">\n\n\t<ul>\n\t\t<li class=\"odomoter\"><i class=\"auto-icon-odometer\"><\/i> 136.000 km<\/li>\n\t\t\t<li class=\"transmission\"><i class=\"auto-icon-transmission\"><\/i> Automatica<\/li>\n\t\t\t\t<li class=\"body\"><i class=\"auto-icon-trunk\"><\/i> <a href=\"https:\/\/www.autossermec.pt\/stand\/body-type\/suv-monovolume\/\" rel=\"tag\">SUV \/ Monovolume<\/a><\/li>\n\t\t<\/ul>\n\n<\/div>\n<div class=\"address\"><i class=\"fa fa-map-marker\"><\/i> &nbsp; R. Fonte Fria 49, 4425-348 Maia, Portugal<\/div>\n<div class=\"price\"><span class=\"price-amount\"><span class=\"currency-symbol\">\u20ac<\/span>36.950<\/span> Negoci\u00e1vel<\/div>\n<div class=\"description\">Equipado com um motor de 3.000cm3, v6, a diesel, debita cerca de 286 cavalos. Apresenta uma caixa de velocidades autom\u00e1tica com patilhas F1 no volante....<\/div>\n<div class=\"bottom-wrap\">\n\t<a class=\"al-button\" href=\"https:\/\/www.autossermec.pt\/stand\/anuncio\/bmw-x6-3-5d-xdrive\/\" title=\"Vista BMW X6 3.5D Xdrive\">Mais Detalhes &nbsp; <i class=\"fa fa-angle-right\"><\/i><\/a>\n\t\t\t<span class=\"condition\">Used Ve\u00edculo<\/span>\n\t<\/div>\n\t<\/div>\n\n\t\n<\/li>\n\t\t\t\t\n\t\t\t\t\t\n<li class=\"col-3 post-137 auto-listing type-auto-listing status-publish body-type-super-desportivo auto-listing-137 has-thumbnail\">\n\n\t\n<div class=\"image\">\n\t<a href=\"https:\/\/www.autossermec.pt\/stand\/anuncio\/mercedes-benz-cl-500\/\" title=\"Mercedes-Benz CL 500\">\n\t\t\n\t\t\t\t<span style=\"background:#dd3333;color:#ffffff\" class=\"status Oportunidade\">\n\t\t\t\t\t\t<i class=\"auto-icon-steering-wheel\"><\/i>\n\t\t\t\t\t\tOportunidade\t\t<\/span>\n\t\t\t\n\n\t\t\n\t\t<img alt=\"\" src=\"https:\/\/www.autossermec.pt\/stand\/wp-content\/uploads\/sites\/2\/2017\/10\/3-400x250.jpg\" \/>\n\n\t<\/a>\n<\/div>\n\t<div class=\"summary\">\n\n\t\n<h3 class=\"title\">\n\t<a href=\"https:\/\/www.autossermec.pt\/stand\/anuncio\/mercedes-benz-cl-500\/\" title=\"Mercedes-Benz CL 500\">\n\t\tMercedes-Benz CL 500\t<\/a>\n<\/h3>\n\n<div class=\"at-a-glance\">\n\n\t<ul>\n\t\t<li class=\"odomoter\"><i class=\"auto-icon-odometer\"><\/i> 118.000 km<\/li>\n\t\t\t<li class=\"transmission\"><i class=\"auto-icon-transmission\"><\/i> Automatic<\/li>\n\t\t\t\t<li class=\"body\"><i class=\"auto-icon-trunk\"><\/i> <a href=\"https:\/\/www.autossermec.pt\/stand\/body-type\/super-desportivo\/\" rel=\"tag\">Super desportivo<\/a><\/li>\n\t\t<\/ul>\n\n<\/div>\n<div class=\"address\"><i class=\"fa fa-map-marker\"><\/i> &nbsp; R. Fonte Fria 49, 4425-348 Maia, Portugal<\/div>\n<div class=\"price\"><span class=\"price-amount\"><span class=\"currency-symbol\">\u20ac<\/span>45.000<\/span> negoci\u00e1veis<\/div>\n<div class=\"description\">Sim! Podem dizer que a gama CL da Mercedes-Benz \u00e9 a nossa predilecta. Lindo exemplar equipado com um motor V8, de 5500 cm3 de cilindrada...<\/div>\n<div class=\"bottom-wrap\">\n\t<a class=\"al-button\" href=\"https:\/\/www.autossermec.pt\/stand\/anuncio\/mercedes-benz-cl-500\/\" title=\"Vista Mercedes-Benz CL 500\">Mais Detalhes &nbsp; <i class=\"fa fa-angle-right\"><\/i><\/a>\n\t\t\t<span class=\"condition\">Used Ve\u00edculo<\/span>\n\t<\/div>\n\t<\/div>\n\n\t\n<\/li>\n\t\t\t\t\n\t\t\t\t\t\n<li class=\"col-3 post-172 auto-listing type-auto-listing status-publish body-type-utilitarios-sedan auto-listing-172 has-thumbnail\">\n\n\t\n<div class=\"image\">\n\t<a href=\"https:\/\/www.autossermec.pt\/stand\/anuncio\/ford-model-a\/\" title=\"Ford Model A\">\n\t\t\n\t\t\t\t<span style=\"background:#dd3333;color:#ffffff\" class=\"status Oportunidade\">\n\t\t\t\t\t\t<i class=\"auto-icon-steering-wheel\"><\/i>\n\t\t\t\t\t\tOportunidade\t\t<\/span>\n\t\t\t\n\n\t\t\n\t\t<img alt=\"\" src=\"https:\/\/www.autossermec.pt\/stand\/wp-content\/uploads\/sites\/2\/2017\/10\/3-2-400x250.jpg\" \/>\n\n\t<\/a>\n<\/div>\n\t<div class=\"summary\">\n\n\t\n<h3 class=\"title\">\n\t<a href=\"https:\/\/www.autossermec.pt\/stand\/anuncio\/ford-model-a\/\" title=\"Ford Model A\">\n\t\tFord Model A\t<\/a>\n<\/h3>\n\n<div class=\"at-a-glance\">\n\n\t<ul>\n\t\t<li class=\"odomoter\"><i class=\"auto-icon-odometer\"><\/i> 56.000 km<\/li>\n\t\t\t<li class=\"transmission\"><i class=\"auto-icon-transmission\"><\/i> manual<\/li>\n\t\t\t\t<li class=\"body\"><i class=\"auto-icon-trunk\"><\/i> <a href=\"https:\/\/www.autossermec.pt\/stand\/body-type\/utilitarios-sedan\/\" rel=\"tag\">Utilit\u00e1rios \/ Sedan<\/a><\/li>\n\t\t<\/ul>\n\n<\/div>\n<div class=\"address\"><i class=\"fa fa-map-marker\"><\/i> &nbsp; R. Fonte Fria 49, 4425-348 Maia, Portugal<\/div>\n<div class=\"price\"><span class=\"price-amount\"><span class=\"currency-symbol\">\u20ac<\/span>29.950<\/span> negoci\u00e1vel, aceita retoma<\/div>\n<div class=\"description\">Para novidade no mercado de cl\u00e1ssicos Nacional, apresentarmos um lind\u00edssimo Ford, modelo A, do ano 1930 num estado de conserva\u00e7\u00e3o digno de concurso. Esta magnifica...<\/div>\n<div class=\"bottom-wrap\">\n\t<a class=\"al-button\" href=\"https:\/\/www.autossermec.pt\/stand\/anuncio\/ford-model-a\/\" title=\"Vista Ford Model A\">Mais Detalhes &nbsp; <i class=\"fa fa-angle-right\"><\/i><\/a>\n\t\t\t<span class=\"condition\">Used Ve\u00edculo<\/span>\n\t<\/div>\n\t<\/div>\n\n\t\n<\/li>\n\t\t\t\t\n\t\t\t\t\t\n<li class=\"col-3 post-190 auto-listing type-auto-listing status-publish body-type-side-by-side auto-listing-190 has-thumbnail\">\n\n\t\n<div class=\"image\">\n\t<a href=\"https:\/\/www.autossermec.pt\/stand\/anuncio\/cf-moto-z-force-ex-550\/\" title=\"Cf moto z-force ex 550\">\n\t\t\n\t\t\t\n\n\t\t\n\t\t<img alt=\"\" src=\"https:\/\/www.autossermec.pt\/stand\/wp-content\/uploads\/sites\/2\/2017\/10\/3-3-400x250.jpg\" \/>\n\n\t<\/a>\n<\/div>\n\t<div class=\"summary\">\n\n\t\n<h3 class=\"title\">\n\t<a href=\"https:\/\/www.autossermec.pt\/stand\/anuncio\/cf-moto-z-force-ex-550\/\" title=\"Cf moto z-force ex 550\">\n\t\tCf moto z-force ex 550\t<\/a>\n<\/h3>\n\n<div class=\"at-a-glance\">\n\n\t<ul>\n\t\t<li class=\"odomoter\"><i class=\"auto-icon-odometer\"><\/i> n\/a<\/li>\n\t\t\t<li class=\"transmission\"><i class=\"auto-icon-transmission\"><\/i> autom\u00e1tica<\/li>\n\t\t\t\t<li class=\"body\"><i class=\"auto-icon-trunk\"><\/i> <a href=\"https:\/\/www.autossermec.pt\/stand\/body-type\/side-by-side\/\" rel=\"tag\">Side-by-side<\/a><\/li>\n\t\t<\/ul>\n\n<\/div>\n<div class=\"address\"><i class=\"fa fa-map-marker\"><\/i> &nbsp; R. Fonte Fria 49, 4425-348 Maia, Portugal<\/div>\n<div class=\"price\"><span class=\"price-amount\"><span class=\"currency-symbol\">\u20ac<\/span>10.500<\/span> aceita retoma<\/div>\n<div class=\"description\">Side by side novo, 0 kms. -guincho dianteiro el\u00e9ctrico. -trac\u00e7\u00e3o integral ou as rodas traseiras. -farois full led. -amortecedores regul\u00e1veis. -caixa autom\u00e1tica 2anos de garantia....<\/div>\n<div class=\"bottom-wrap\">\n\t<a class=\"al-button\" href=\"https:\/\/www.autossermec.pt\/stand\/anuncio\/cf-moto-z-force-ex-550\/\" title=\"Vista Cf moto z-force ex 550\">Mais Detalhes &nbsp; <i class=\"fa fa-angle-right\"><\/i><\/a>\n\t\t\t<span class=\"condition\">New Ve\u00edculo<\/span>\n\t<\/div>\n\t<\/div>\n\n\t\n<\/li>\n\t\t\t\t\n\t\t\t<\/ul>\n\n\t\t\t\n\t\t\t\n","protected":false},"excerpt":{"rendered":"","protected":false},"author":1,"featured_media":0,"parent":0,"menu_order":0,"comment_status":"closed","ping_status":"closed","template":"","meta":[],"_links":{"self":[{"href":"https:\/\/www.autossermec.pt\/stand\/wp-json\/wp\/v2\/pages\/42"}],"collection":[{"href":"https:\/\/www.autossermec.pt\/stand\/wp-json\/wp\/v2\/pages"}],"about":[{"href":"https:\/\/www.autossermec.pt\/stand\/wp-json\/wp\/v2\/types\/page"}],"author":[{"embeddable":true,"href":"https:\/\/www.autossermec.pt\/stand\/wp-json\/wp\/v2\/users\/1"}],"replies":[{"embeddable":true,"href":"https:\/\/www.autossermec.pt\/stand\/wp-json\/wp\/v2\/comments?post=42"}],"version-history":[{"count":1,"href":"https:\/\/www.autossermec.pt\/stand\/wp-json\/wp\/v2\/pages\/42\/revisions"}],"predecessor-version":[{"id":48,"href":"https:\/\/www.autossermec.pt\/stand\/wp-json\/wp\/v2\/pages\/42\/revisions\/48"}],"wp:attachment":[{"href":"https:\/\/www.autossermec.pt\/stand\/wp-json\/wp\/v2\/media?parent=42"}],"curies":[{"name":"wp","href":"https:\/\/api.w.org\/{rel}","templated":true}]}}